{"id":717,"date":"2025-03-04T12:54:29","date_gmt":"2025-03-04T12:54:29","guid":{"rendered":"https:\/\/islandpetroleum.webminds.dz\/?page_id=717"},"modified":"2025-06-09T16:12:05","modified_gmt":"2025-06-09T16:12:05","slug":"projets-realise-metalsider","status":"publish","type":"page","link":"https:\/\/islandpetroleum.webminds.dz\/en\/projets-realise-metalsider\/","title":{"rendered":"Projets r\u00e9alis\u00e9 : METALSIDER"},"content":{"rendered":"<div data-elementor-type=\"wp-page\" data-elementor-id=\"717\" class=\"elementor elementor-717\" data-elementor-post-type=\"page\">\n\t\t\t\t\t\t<section class=\"elementor-section elementor-top-section elementor-element elementor-element-14068d11 elementor-section-boxed elementor-section-height-default elementor-section-height-default\" data-id=\"14068d11\" data-element_type=\"section\" data-settings=\"{&quot;background_background&quot;:&quot;classic&quot;}\">\n\t\t\t\t\t\t\t<div class=\"elementor-background-overlay\"><\/div>\n\t\t\t\t\t\t\t<div class=\"elementor-container elementor-column-gap-default\">\n\t\t\t\t\t<div class=\"elementor-column elementor-col-100 elementor-top-column elementor-element elementor-element-465a70a4\" data-id=\"465a70a4\" data-element_type=\"column\">\n\t\t\t<div class=\"elementor-widget-wrap elementor-element-populated\">\n\t\t\t\t\t<div class=\"elementor-background-overlay\"><\/div>\n\t\t\t\t\t\t<section class=\"elementor-section elementor-inner-section elementor-element elementor-element-550e0188 elementor-section-boxed elementor-section-height-default elementor-section-height-default\" data-id=\"550e0188\" data-element_type=\"section\">\n\t\t\t\t\t\t<div class=\"elementor-container elementor-column-gap-default\">\n\t\t\t\t\t<div class=\"elementor-column elementor-col-100 elementor-inner-column elementor-element elementor-element-18198b30\" data-id=\"18198b30\" data-element_type=\"column\" data-settings=\"{&quot;background_background&quot;:&quot;classic&quot;}\">\n\t\t\t<div class=\"elementor-widget-wrap elementor-element-populated\">\n\t\t\t\t\t\t<div class=\"elementor-element elementor-element-1f1d0f5b elementor-icon-list--layout-inline elementor-align-center elementor-list-item-link-full_width elementor-widget elementor-widget-icon-list\" data-id=\"1f1d0f5b\" data-element_type=\"widget\" data-widget_type=\"icon-list.default\">\n\t\t\t\t<div class=\"elementor-widget-container\">\n\t\t\t\t\t\t\t<ul class=\"elementor-icon-list-items elementor-inline-items\">\n\t\t\t\t\t\t\t<li class=\"elementor-icon-list-item elementor-inline-item\">\n\t\t\t\t\t\t\t\t\t\t<span class=\"elementor-icon-list-text\">Accueil <\/span>\n\t\t\t\t\t\t\t\t\t<\/li>\n\t\t\t\t\t\t\t\t<li class=\"elementor-icon-list-item elementor-inline-item\">\n\t\t\t\t\t\t\t\t\t\t\t<a href=\"https:\/\/islandpetroleum.webminds.dz\/en\/projets-realises\/\" target=\"_blank\">\n\n\t\t\t\t\t\t\t\t\t\t\t\t<span class=\"elementor-icon-list-icon\">\n\t\t\t\t\t\t\t<svg aria-hidden=\"true\" class=\"e-font-icon-svg e-fas-chevron-right\" viewbox=\"0 0 320 512\" xmlns=\"http:\/\/www.w3.org\/2000\/svg\"><path d=\"M285.476 272.971L91.132 467.314c-9.373 9.373-24.569 9.373-33.941 0l-22.667-22.667c-9.357-9.357-9.375-24.522-.04-33.901L188.505 256 34.484 101.255c-9.335-9.379-9.317-24.544.04-33.901l22.667-22.667c9.373-9.373 24.569-9.373 33.941 0L285.475 239.03c9.373 9.372 9.373 24.568.001 33.941z\"><\/path><\/svg>\t\t\t\t\t\t<\/span>\n\t\t\t\t\t\t\t\t\t\t<span class=\"elementor-icon-list-text\">COMPLETED PROJECTS<\/span>\n\t\t\t\t\t\t\t\t\t\t\t<\/a>\n\t\t\t\t\t\t\t\t\t<\/li>\n\t\t\t\t\t\t\t\t<li class=\"elementor-icon-list-item elementor-inline-item\">\n\t\t\t\t\t\t\t\t\t\t\t<span class=\"elementor-icon-list-icon\">\n\t\t\t\t\t\t\t<svg aria-hidden=\"true\" class=\"e-font-icon-svg e-fas-chevron-right\" viewbox=\"0 0 320 512\" xmlns=\"http:\/\/www.w3.org\/2000\/svg\"><path d=\"M285.476 272.971L91.132 467.314c-9.373 9.373-24.569 9.373-33.941 0l-22.667-22.667c-9.357-9.357-9.375-24.522-.04-33.901L188.505 256 34.484 101.255c-9.335-9.379-9.317-24.544.04-33.901l22.667-22.667c9.373-9.373 24.569-9.373 33.941 0L285.475 239.03c9.373 9.372 9.373 24.568.001 33.941z\"><\/path><\/svg>\t\t\t\t\t\t<\/span>\n\t\t\t\t\t\t\t\t\t\t<span class=\"elementor-icon-list-text\">CTCO<\/span>\n\t\t\t\t\t\t\t\t\t<\/li>\n\t\t\t\t\t\t<\/ul>\n\t\t\t\t\t\t<\/div>\n\t\t\t\t<\/div>\n\t\t\t\t<div class=\"elementor-element elementor-element-2a8dad29 elementor-widget elementor-widget-heading\" data-id=\"2a8dad29\" data-element_type=\"widget\" data-widget_type=\"heading.default\">\n\t\t\t\t<div class=\"elementor-widget-container\">\n\t\t\t\t\t<h2 class=\"elementor-heading-title elementor-size-default\">CTCO<\/h2>\t\t\t\t<\/div>\n\t\t\t\t<\/div>\n\t\t\t\t<div class=\"elementor-element elementor-element-12e9dcec elementor-widget-divider--view-line elementor-widget elementor-widget-divider\" data-id=\"12e9dcec\" data-element_type=\"widget\" data-widget_type=\"divider.default\">\n\t\t\t\t<div class=\"elementor-widget-container\">\n\t\t\t\t\t\t\t<div class=\"elementor-divider\">\n\t\t\t<span class=\"elementor-divider-separator\">\n\t\t\t\t\t\t<\/span>\n\t\t<\/div>\n\t\t\t\t\t\t<\/div>\n\t\t\t\t<\/div>\n\t\t\t\t\t<\/div>\n\t\t<\/div>\n\t\t\t\t\t<\/div>\n\t\t<\/section>\n\t\t\t\t\t<\/div>\n\t\t<\/div>\n\t\t\t\t\t<\/div>\n\t\t<\/section>\n\t\t\t\t<section class=\"elementor-section elementor-top-section elementor-element elementor-element-21efe820 elementor-section-boxed elementor-section-height-default elementor-section-height-default\" data-id=\"21efe820\" data-element_type=\"section\">\n\t\t\t\t\t\t<div class=\"elementor-container elementor-column-gap-default\">\n\t\t\t\t\t<div class=\"elementor-column elementor-col-50 elementor-top-column elementor-element elementor-element-7de0dee7\" data-id=\"7de0dee7\" data-element_type=\"column\">\n\t\t\t<div class=\"elementor-widget-wrap elementor-element-populated\">\n\t\t\t\t\t\t<div class=\"elementor-element elementor-element-798902cb elementor-widget elementor-widget-heading\" data-id=\"798902cb\" data-element_type=\"widget\" data-widget_type=\"heading.default\">\n\t\t\t\t<div class=\"elementor-widget-container\">\n\t\t\t\t\t<h2 class=\"elementor-heading-title elementor-size-default\">Ouvrages concrets \u00e0 Hassi Messaoud - CTCO (R\u00e9seau injecteur de gaz)<\/h2>\t\t\t\t<\/div>\n\t\t\t\t<\/div>\n\t\t\t\t<div class=\"elementor-element elementor-element-691405f2 elementor-widget-divider--view-line elementor-widget elementor-widget-divider\" data-id=\"691405f2\" data-element_type=\"widget\" data-widget_type=\"divider.default\">\n\t\t\t\t<div class=\"elementor-widget-container\">\n\t\t\t\t\t\t\t<div class=\"elementor-divider\">\n\t\t\t<span class=\"elementor-divider-separator\">\n\t\t\t\t\t\t<\/span>\n\t\t<\/div>\n\t\t\t\t\t\t<\/div>\n\t\t\t\t<\/div>\n\t\t\t\t<div class=\"elementor-element elementor-element-80fc21e elementor-widget elementor-widget-text-editor\" data-id=\"80fc21e\" data-element_type=\"widget\" data-widget_type=\"text-editor.default\">\n\t\t\t\t<div class=\"elementor-widget-container\">\n\t\t\t\t\t\t\t\t\t<div><h4>Informations g\u00e9n\u00e9rales<\/h4><ul class=\"marker:text-secondary\"><li class=\"break-words\"><strong>Titre<\/strong> : Pose d&#8217;un r\u00e9seau injecteur de gaz \u00e0 Hassi Messaoud<\/li><li class=\"break-words\"><strong>Client<\/strong> : CTCO<\/li><li class=\"break-words\"><strong>Secteur<\/strong> : Oil &amp; Gas<\/li><li class=\"break-words\"><strong>Type d\u2019activit\u00e9<\/strong> : Ouvrages concrets<\/li><li class=\"break-words\"><strong>Localisation<\/strong> : Hassi Messaoud<\/li><\/ul><\/div>\t\t\t\t\t\t\t\t<\/div>\n\t\t\t\t<\/div>\n\t\t\t\t\t<\/div>\n\t\t<\/div>\n\t\t\t\t<div class=\"elementor-column elementor-col-50 elementor-top-column elementor-element elementor-element-24f62520\" data-id=\"24f62520\" data-element_type=\"column\">\n\t\t\t<div class=\"elementor-widget-wrap elementor-element-populated\">\n\t\t\t\t\t\t<section class=\"elementor-section elementor-inner-section elementor-element elementor-element-2b3180a1 elementor-section-boxed elementor-section-height-default elementor-section-height-default\" data-id=\"2b3180a1\" data-element_type=\"section\">\n\t\t\t\t\t\t<div class=\"elementor-container elementor-column-gap-no\">\n\t\t\t\t\t<div class=\"elementor-column elementor-col-100 elementor-inner-column elementor-element elementor-element-8616b3e\" data-id=\"8616b3e\" data-element_type=\"column\">\n\t\t\t<div class=\"elementor-widget-wrap elementor-element-populated\">\n\t\t\t\t\t\t<div class=\"elementor-element elementor-element-78e67604 elementor-widget__width-initial elementor-widget elementor-widget-image\" data-id=\"78e67604\" data-element_type=\"widget\" data-widget_type=\"image.default\">\n\t\t\t\t<div class=\"elementor-widget-container\">\n\t\t\t\t\t\t\t\t\t\t\t\t\t\t\t<img fetchpriority=\"high\" decoding=\"async\" width=\"1335\" height=\"2000\" src=\"https:\/\/islandpetroleum.webminds.dz\/wp-content\/uploads\/2024\/12\/mature-man-on-construction-site-or-business-industry-site-.jpg\" class=\"attachment-full size-full wp-image-50\" alt=\"\" srcset=\"https:\/\/islandpetroleum.webminds.dz\/wp-content\/uploads\/2024\/12\/mature-man-on-construction-site-or-business-industry-site-.jpg 1335w, https:\/\/islandpetroleum.webminds.dz\/wp-content\/uploads\/2024\/12\/mature-man-on-construction-site-or-business-industry-site--200x300.jpg 200w, https:\/\/islandpetroleum.webminds.dz\/wp-content\/uploads\/2024\/12\/mature-man-on-construction-site-or-business-industry-site--684x1024.jpg 684w, https:\/\/islandpetroleum.webminds.dz\/wp-content\/uploads\/2024\/12\/mature-man-on-construction-site-or-business-industry-site--768x1151.jpg 768w, https:\/\/islandpetroleum.webminds.dz\/wp-content\/uploads\/2024\/12\/mature-man-on-construction-site-or-business-industry-site--1025x1536.jpg 1025w\" sizes=\"(max-width: 1335px) 100vw, 1335px\" \/>\t\t\t\t\t\t\t\t\t\t\t\t\t\t\t<\/div>\n\t\t\t\t<\/div>\n\t\t\t\t<div class=\"elementor-element elementor-element-2ec10f5a elementor-widget__width-initial elementor-widget elementor-widget-image\" data-id=\"2ec10f5a\" data-element_type=\"widget\" data-widget_type=\"image.default\">\n\t\t\t\t<div class=\"elementor-widget-container\">\n\t\t\t\t\t\t\t\t\t\t\t\t\t\t\t<img decoding=\"async\" width=\"1333\" height=\"2000\" src=\"https:\/\/islandpetroleum.webminds.dz\/wp-content\/uploads\/2024\/12\/chemical-plant-exterior.jpg\" class=\"attachment-full size-full wp-image-60\" alt=\"\" srcset=\"https:\/\/islandpetroleum.webminds.dz\/wp-content\/uploads\/2024\/12\/chemical-plant-exterior.jpg 1333w, https:\/\/islandpetroleum.webminds.dz\/wp-content\/uploads\/2024\/12\/chemical-plant-exterior-200x300.jpg 200w, https:\/\/islandpetroleum.webminds.dz\/wp-content\/uploads\/2024\/12\/chemical-plant-exterior-682x1024.jpg 682w, https:\/\/islandpetroleum.webminds.dz\/wp-content\/uploads\/2024\/12\/chemical-plant-exterior-768x1152.jpg 768w, https:\/\/islandpetroleum.webminds.dz\/wp-content\/uploads\/2024\/12\/chemical-plant-exterior-1024x1536.jpg 1024w\" sizes=\"(max-width: 1333px) 100vw, 1333px\" \/>\t\t\t\t\t\t\t\t\t\t\t\t\t\t\t<\/div>\n\t\t\t\t<\/div>\n\t\t\t\t\t<\/div>\n\t\t<\/div>\n\t\t\t\t\t<\/div>\n\t\t<\/section>\n\t\t\t\t\t<\/div>\n\t\t<\/div>\n\t\t\t\t\t<\/div>\n\t\t<\/section>\n\t\t\t\t<section class=\"elementor-section elementor-top-section elementor-element elementor-element-28872ed9 elementor-section-boxed elementor-section-height-default elementor-section-height-default\" data-id=\"28872ed9\" data-element_type=\"section\">\n\t\t\t\t\t\t<div class=\"elementor-container elementor-column-gap-default\">\n\t\t\t\t\t<div class=\"elementor-column elementor-col-100 elementor-top-column elementor-element elementor-element-69a3879f\" data-id=\"69a3879f\" data-element_type=\"column\">\n\t\t\t<div class=\"elementor-widget-wrap elementor-element-populated\">\n\t\t\t\t\t\t<div class=\"elementor-element elementor-element-406cdc50 elementor-widget elementor-widget-heading\" data-id=\"406cdc50\" data-element_type=\"widget\" data-widget_type=\"heading.default\">\n\t\t\t\t<div class=\"elementor-widget-container\">\n\t\t\t\t\t<h2 class=\"elementor-heading-title elementor-size-default\">description du projet <\/h2>\t\t\t\t<\/div>\n\t\t\t\t<\/div>\n\t\t\t\t<div class=\"elementor-element elementor-element-e0e280a elementor-widget-divider--view-line elementor-widget elementor-widget-divider\" data-id=\"e0e280a\" data-element_type=\"widget\" data-widget_type=\"divider.default\">\n\t\t\t\t<div class=\"elementor-widget-container\">\n\t\t\t\t\t\t\t<div class=\"elementor-divider\">\n\t\t\t<span class=\"elementor-divider-separator\">\n\t\t\t\t\t\t<\/span>\n\t\t<\/div>\n\t\t\t\t\t\t<\/div>\n\t\t\t\t<\/div>\n\t\t\t\t<div class=\"elementor-element elementor-element-508c8600 elementor-widget elementor-widget-image\" data-id=\"508c8600\" data-element_type=\"widget\" data-widget_type=\"image.default\">\n\t\t\t\t<div class=\"elementor-widget-container\">\n\t\t\t\t\t\t\t\t\t\t\t\t\t\t\t<img decoding=\"async\" width=\"1080\" height=\"607\" src=\"https:\/\/islandpetroleum.webminds.dz\/wp-content\/uploads\/2025\/06\/WhatsApp-Image-2025-06-03-a-00.59.43_b806b4f1.jpg\" class=\"attachment-full size-full wp-image-1044\" alt=\"\" srcset=\"https:\/\/islandpetroleum.webminds.dz\/wp-content\/uploads\/2025\/06\/WhatsApp-Image-2025-06-03-a-00.59.43_b806b4f1.jpg 1080w, https:\/\/islandpetroleum.webminds.dz\/wp-content\/uploads\/2025\/06\/WhatsApp-Image-2025-06-03-a-00.59.43_b806b4f1-300x169.jpg 300w, https:\/\/islandpetroleum.webminds.dz\/wp-content\/uploads\/2025\/06\/WhatsApp-Image-2025-06-03-a-00.59.43_b806b4f1-1024x576.jpg 1024w, https:\/\/islandpetroleum.webminds.dz\/wp-content\/uploads\/2025\/06\/WhatsApp-Image-2025-06-03-a-00.59.43_b806b4f1-768x432.jpg 768w, https:\/\/islandpetroleum.webminds.dz\/wp-content\/uploads\/2025\/06\/WhatsApp-Image-2025-06-03-a-00.59.43_b806b4f1-18x10.jpg 18w\" sizes=\"(max-width: 1080px) 100vw, 1080px\" \/>\t\t\t\t\t\t\t\t\t\t\t\t\t\t\t<\/div>\n\t\t\t\t<\/div>\n\t\t\t\t<section class=\"elementor-section elementor-inner-section elementor-element elementor-element-226310f9 elementor-section-full_width elementor-section-height-default elementor-section-height-default\" data-id=\"226310f9\" data-element_type=\"section\">\n\t\t\t\t\t\t<div class=\"elementor-container elementor-column-gap-no\">\n\t\t\t\t\t<div class=\"elementor-column elementor-col-100 elementor-inner-column elementor-element elementor-element-1af4bc4d\" data-id=\"1af4bc4d\" data-element_type=\"column\">\n\t\t\t<div class=\"elementor-widget-wrap elementor-element-populated\">\n\t\t\t\t\t\t<div class=\"elementor-element elementor-element-930c080 elementor-widget elementor-widget-text-editor\" data-id=\"930c080\" data-element_type=\"widget\" data-widget_type=\"text-editor.default\">\n\t\t\t\t<div class=\"elementor-widget-container\">\n\t\t\t\t\t\t\t\t\t<div><h4>D\u00e9tails des travaux<\/h4><ul class=\"marker:text-secondary\"><li class=\"break-words\">Pose d&#8217;un r\u00e9seau injecteur de gaz sur le champ de Hassi Messaoud (16 Km)<\/li><\/ul><h4>Type de contrat<\/h4><ul class=\"marker:text-secondary\"><li class=\"break-words\"><strong>\u00c9tudes<\/strong> : Non inclus<\/li><li class=\"break-words\"><strong>Fourniture<\/strong> : Non inclus<\/li><li class=\"break-words\"><strong>Construction<\/strong> : Inclus<\/li><\/ul><h4>Dur\u00e9e et calendrier<\/h4><ul class=\"marker:text-secondary\"><li class=\"break-words\"><strong>D\u00e9but des travaux<\/strong> : 2012<\/li><li class=\"break-words\"><strong>Fin des travaux<\/strong> : 2012<\/li><\/ul><h4>Client final<\/h4><ul class=\"marker:text-secondary\"><li class=\"break-words\"><strong>Client Final<\/strong> : SONATRACH<\/li><\/ul><\/div>\t\t\t\t\t\t\t\t<\/div>\n\t\t\t\t<\/div>\n\t\t\t\t\t<\/div>\n\t\t<\/div>\n\t\t\t\t\t<\/div>\n\t\t<\/section>\n\t\t\t\t<section class=\"elementor-section elementor-inner-section elementor-element elementor-element-766b5602 elementor-section-boxed elementor-section-height-default elementor-section-height-default\" data-id=\"766b5602\" data-element_type=\"section\">\n\t\t\t\t\t\t<div class=\"elementor-container elementor-column-gap-no\">\n\t\t\t\t\t<div class=\"elementor-column elementor-col-100 elementor-inner-column elementor-element elementor-element-6979c579\" data-id=\"6979c579\" data-element_type=\"column\">\n\t\t\t<div class=\"elementor-widget-wrap elementor-element-populated\">\n\t\t\t\t\t\t<div class=\"elementor-element elementor-element-5b0dd1b2 elementor-widget__width-auto elementor-widget elementor-widget-heading\" data-id=\"5b0dd1b2\" data-element_type=\"widget\" data-widget_type=\"heading.default\">\n\t\t\t\t<div class=\"elementor-widget-container\">\n\t\t\t\t\t<h2 class=\"elementor-heading-title elementor-size-default\">Did you like this Work? Please Share<\/h2>\t\t\t\t<\/div>\n\t\t\t\t<\/div>\n\t\t\t\t<div class=\"elementor-element elementor-element-3f6637d e-grid-align-left e-grid-align-mobile-center elementor-shape-square elementor-widget__width-auto elementor-grid-0 elementor-widget elementor-widget-social-icons\" data-id=\"3f6637d\" data-element_type=\"widget\" data-widget_type=\"social-icons.default\">\n\t\t\t\t<div class=\"elementor-widget-container\">\n\t\t\t\t\t\t\t<div class=\"elementor-social-icons-wrapper elementor-grid\" role=\"list\">\n\t\t\t\t\t\t\t<span class=\"elementor-grid-item\" role=\"listitem\">\n\t\t\t\t\t<a class=\"elementor-icon elementor-social-icon elementor-social-icon-jki-facebook-light elementor-repeater-item-649aaa9\" target=\"_blank\">\n\t\t\t\t\t\t<span class=\"elementor-screen-only\">Jki-facebook-light<\/span>\n\t\t\t\t\t\t<i class=\"jki jki-facebook-light\"><\/i>\t\t\t\t\t<\/a>\n\t\t\t\t<\/span>\n\t\t\t\t\t\t\t<span class=\"elementor-grid-item\" role=\"listitem\">\n\t\t\t\t\t<a class=\"elementor-icon elementor-social-icon elementor-social-icon-twitter elementor-repeater-item-1fd8944\" target=\"_blank\">\n\t\t\t\t\t\t<span class=\"elementor-screen-only\">Twitter<\/span>\n\t\t\t\t\t\t<svg class=\"e-font-icon-svg e-fab-twitter\" viewbox=\"0 0 512 512\" xmlns=\"http:\/\/www.w3.org\/2000\/svg\"><path d=\"M459.37 151.716c.325 4.548.325 9.097.325 13.645 0 138.72-105.583 298.558-298.558 298.558-59.452 0-114.68-17.219-161.137-47.106 8.447.974 16.568 1.299 25.34 1.299 49.055 0 94.213-16.568 130.274-44.832-46.132-.975-84.792-31.188-98.112-72.772 6.498.974 12.995 1.624 19.818 1.624 9.421 0 18.843-1.3 27.614-3.573-48.081-9.747-84.143-51.98-84.143-102.985v-1.299c13.969 7.797 30.214 12.67 47.431 13.319-28.264-18.843-46.781-51.005-46.781-87.391 0-19.492 5.197-37.36 14.294-52.954 51.655 63.675 129.3 105.258 216.365 109.807-1.624-7.797-2.599-15.918-2.599-24.04 0-57.828 46.782-104.934 104.934-104.934 30.213 0 57.502 12.67 76.67 33.137 23.715-4.548 46.456-13.32 66.599-25.34-7.798 24.366-24.366 44.833-46.132 57.827 21.117-2.273 41.584-8.122 60.426-16.243-14.292 20.791-32.161 39.308-52.628 54.253z\"><\/path><\/svg>\t\t\t\t\t<\/a>\n\t\t\t\t<\/span>\n\t\t\t\t\t\t\t<span class=\"elementor-grid-item\" role=\"listitem\">\n\t\t\t\t\t<a class=\"elementor-icon elementor-social-icon elementor-social-icon-jki-instagram-1-light elementor-repeater-item-e20c9e7\" target=\"_blank\">\n\t\t\t\t\t\t<span class=\"elementor-screen-only\">Jki-instagram-1-light<\/span>\n\t\t\t\t\t\t<i class=\"jki jki-instagram-1-light\"><\/i>\t\t\t\t\t<\/a>\n\t\t\t\t<\/span>\n\t\t\t\t\t\t\t<span class=\"elementor-grid-item\" role=\"listitem\">\n\t\t\t\t\t<a class=\"elementor-icon elementor-social-icon elementor-social-icon-youtube elementor-repeater-item-09fccce\" target=\"_blank\">\n\t\t\t\t\t\t<span class=\"elementor-screen-only\">Youtube<\/span>\n\t\t\t\t\t\t<svg class=\"e-font-icon-svg e-fab-youtube\" viewbox=\"0 0 576 512\" xmlns=\"http:\/\/www.w3.org\/2000\/svg\"><path d=\"M549.655 124.083c-6.281-23.65-24.787-42.276-48.284-48.597C458.781 64 288 64 288 64S117.22 64 74.629 75.486c-23.497 6.322-42.003 24.947-48.284 48.597-11.412 42.867-11.412 132.305-11.412 132.305s0 89.438 11.412 132.305c6.281 23.65 24.787 41.5 48.284 47.821C117.22 448 288 448 288 448s170.78 0 213.371-11.486c23.497-6.321 42.003-24.171 48.284-47.821 11.412-42.867 11.412-132.305 11.412-132.305s0-89.438-11.412-132.305zm-317.51 213.508V175.185l142.739 81.205-142.739 81.201z\"><\/path><\/svg>\t\t\t\t\t<\/a>\n\t\t\t\t<\/span>\n\t\t\t\t\t<\/div>\n\t\t\t\t\t\t<\/div>\n\t\t\t\t<\/div>\n\t\t\t\t\t<\/div>\n\t\t<\/div>\n\t\t\t\t\t<\/div>\n\t\t<\/section>\n\t\t\t\t\t<\/div>\n\t\t<\/div>\n\t\t\t\t\t<\/div>\n\t\t<\/section>\n\t\t\t\t<\/div>","protected":false},"excerpt":{"rendered":"<p>Accueil Projets r\u00e9alis\u00e9s CTCO CTCO Ouvrages concrets \u00e0 Hassi Messaoud &#8211; CTCO (R\u00e9seau injecteur de gaz) Informations g\u00e9n\u00e9rales Titre : Pose d&#8217;un r\u00e9seau injecteur de gaz \u00e0 Hassi Messaoud Client : CTCO Secteur : Oil &amp; Gas Type d\u2019activit\u00e9 : Ouvrages concrets Localisation : Hassi Messaoud description du projet D\u00e9tails des travaux Pose d&#8217;un r\u00e9seau [&hellip;]<\/p>","protected":false},"author":1,"featured_media":0,"parent":0,"menu_order":0,"comment_status":"closed","ping_status":"closed","template":"","meta":{"footnotes":""},"class_list":["post-717","page","type-page","status-publish","hentry"],"_links":{"self":[{"href":"https:\/\/islandpetroleum.webminds.dz\/en\/wp-json\/wp\/v2\/pages\/717","targetHints":{"allow":["GET"]}}],"collection":[{"href":"https:\/\/islandpetroleum.webminds.dz\/en\/wp-json\/wp\/v2\/pages"}],"about":[{"href":"https:\/\/islandpetroleum.webminds.dz\/en\/wp-json\/wp\/v2\/types\/page"}],"author":[{"embeddable":true,"href":"https:\/\/islandpetroleum.webminds.dz\/en\/wp-json\/wp\/v2\/users\/1"}],"replies":[{"embeddable":true,"href":"https:\/\/islandpetroleum.webminds.dz\/en\/wp-json\/wp\/v2\/comments?post=717"}],"version-history":[{"count":7,"href":"https:\/\/islandpetroleum.webminds.dz\/en\/wp-json\/wp\/v2\/pages\/717\/revisions"}],"predecessor-version":[{"id":1047,"href":"https:\/\/islandpetroleum.webminds.dz\/en\/wp-json\/wp\/v2\/pages\/717\/revisions\/1047"}],"wp:attachment":[{"href":"https:\/\/islandpetroleum.webminds.dz\/en\/wp-json\/wp\/v2\/media?parent=717"}],"curies":[{"name":"wp","href":"https:\/\/api.w.org\/{rel}","templated":true}]}}