{"id":564,"date":"2025-03-01T18:57:45","date_gmt":"2025-03-01T18:57:45","guid":{"rendered":"https:\/\/islandpetroleum.webminds.dz\/?page_id=564"},"modified":"2025-03-04T12:48:24","modified_gmt":"2025-03-04T12:48:24","slug":"projets-en-cours","status":"publish","type":"page","link":"https:\/\/islandpetroleum.webminds.dz\/ar\/projets-en-cours\/","title":{"rendered":"\u0627\u0644\u0645\u0634\u0627\u0631\u064a\u0639 \u0642\u064a\u062f \u0627\u0644\u062a\u0646\u0641\u064a\u0630"},"content":{"rendered":"<div data-elementor-type=\"wp-page\" data-elementor-id=\"564\" class=\"elementor elementor-564\" data-elementor-post-type=\"page\">\n\t\t\t\t\t\t<section class=\"elementor-section elementor-top-section elementor-element elementor-element-4eda94e3 elementor-section-boxed elementor-section-height-default elementor-section-height-default\" data-id=\"4eda94e3\" data-element_type=\"section\" data-settings=\"{&quot;background_background&quot;:&quot;classic&quot;}\">\n\t\t\t\t\t\t\t<div class=\"elementor-background-overlay\"><\/div>\n\t\t\t\t\t\t\t<div class=\"elementor-container elementor-column-gap-default\">\n\t\t\t\t\t<div class=\"elementor-column elementor-col-100 elementor-top-column elementor-element elementor-element-19e65452\" data-id=\"19e65452\" data-element_type=\"column\">\n\t\t\t<div class=\"elementor-widget-wrap elementor-element-populated\">\n\t\t\t\t\t<div class=\"elementor-background-overlay\"><\/div>\n\t\t\t\t\t\t<section class=\"elementor-section elementor-inner-section elementor-element elementor-element-6b75c8e6 elementor-section-boxed elementor-section-height-default elementor-section-height-default\" data-id=\"6b75c8e6\" data-element_type=\"section\">\n\t\t\t\t\t\t<div class=\"elementor-container elementor-column-gap-default\">\n\t\t\t\t\t<div class=\"elementor-column elementor-col-100 elementor-inner-column elementor-element elementor-element-6db5dde6\" data-id=\"6db5dde6\" data-element_type=\"column\" data-settings=\"{&quot;background_background&quot;:&quot;classic&quot;}\">\n\t\t\t<div class=\"elementor-widget-wrap elementor-element-populated\">\n\t\t\t\t\t\t<div class=\"elementor-element elementor-element-34c586f5 elementor-icon-list--layout-inline elementor-align-center elementor-list-item-link-full_width elementor-widget elementor-widget-icon-list\" data-id=\"34c586f5\" data-element_type=\"widget\" data-widget_type=\"icon-list.default\">\n\t\t\t\t<div class=\"elementor-widget-container\">\n\t\t\t\t\t\t\t<ul class=\"elementor-icon-list-items elementor-inline-items\">\n\t\t\t\t\t\t\t<li class=\"elementor-icon-list-item elementor-inline-item\">\n\t\t\t\t\t\t\t\t\t\t<span class=\"elementor-icon-list-text\">\u0627\u0644\u0631\u0626\u064a\u0633\u064a\u0629<\/span>\n\t\t\t\t\t\t\t\t\t<\/li>\n\t\t\t\t\t\t\t\t<li class=\"elementor-icon-list-item elementor-inline-item\">\n\t\t\t\t\t\t\t\t\t\t\t<span class=\"elementor-icon-list-icon\">\n\t\t\t\t\t\t\t<svg aria-hidden=\"true\" class=\"e-font-icon-svg e-fas-chevron-right\" viewbox=\"0 0 320 512\" xmlns=\"http:\/\/www.w3.org\/2000\/svg\"><path d=\"M285.476 272.971L91.132 467.314c-9.373 9.373-24.569 9.373-33.941 0l-22.667-22.667c-9.357-9.357-9.375-24.522-.04-33.901L188.505 256 34.484 101.255c-9.335-9.379-9.317-24.544.04-33.901l22.667-22.667c9.373-9.373 24.569-9.373 33.941 0L285.475 239.03c9.373 9.372 9.373 24.568.001 33.941z\"><\/path><\/svg>\t\t\t\t\t\t<\/span>\n\t\t\t\t\t\t\t\t\t\t<span class=\"elementor-icon-list-text\">\u0627\u0644\u0645\u0634\u0627\u0631\u064a\u0639<\/span>\n\t\t\t\t\t\t\t\t\t<\/li>\n\t\t\t\t\t\t<\/ul>\n\t\t\t\t\t\t<\/div>\n\t\t\t\t<\/div>\n\t\t\t\t<div class=\"elementor-element elementor-element-6c3d13b2 elementor-widget elementor-widget-heading\" data-id=\"6c3d13b2\" data-element_type=\"widget\" data-widget_type=\"heading.default\">\n\t\t\t\t<div class=\"elementor-widget-container\">\n\t\t\t\t\t<h2 class=\"elementor-heading-title elementor-size-default\">\u0627\u0644\u0645\u0634\u0627\u0631\u064a\u0639 \u0642\u064a\u062f \u0627\u0644\u062a\u0646\u0641\u064a\u0630<\/h2>\t\t\t\t<\/div>\n\t\t\t\t<\/div>\n\t\t\t\t<div class=\"elementor-element elementor-element-42b7311f elementor-widget-divider--view-line elementor-widget elementor-widget-divider\" data-id=\"42b7311f\" data-element_type=\"widget\" data-widget_type=\"divider.default\">\n\t\t\t\t<div class=\"elementor-widget-container\">\n\t\t\t\t\t\t\t<div class=\"elementor-divider\">\n\t\t\t<span class=\"elementor-divider-separator\">\n\t\t\t\t\t\t<\/span>\n\t\t<\/div>\n\t\t\t\t\t\t<\/div>\n\t\t\t\t<\/div>\n\t\t\t\t\t<\/div>\n\t\t<\/div>\n\t\t\t\t\t<\/div>\n\t\t<\/section>\n\t\t\t\t\t<\/div>\n\t\t<\/div>\n\t\t\t\t\t<\/div>\n\t\t<\/section>\n\t\t\t\t<section class=\"elementor-section elementor-top-section elementor-element elementor-element-481a17e5 elementor-section-boxed elementor-section-height-default elementor-section-height-default\" data-id=\"481a17e5\" data-element_type=\"section\" data-settings=\"{&quot;background_background&quot;:&quot;classic&quot;}\">\n\t\t\t\t\t\t\t<div class=\"elementor-background-overlay\"><\/div>\n\t\t\t\t\t\t\t<div class=\"elementor-container elementor-column-gap-default\">\n\t\t\t\t\t<div class=\"elementor-column elementor-col-100 elementor-top-column elementor-element elementor-element-38312789\" data-id=\"38312789\" data-element_type=\"column\">\n\t\t\t<div class=\"elementor-widget-wrap elementor-element-populated\">\n\t\t\t\t\t\t<div class=\"elementor-element elementor-element-4a3408de elementor-widget elementor-widget-heading\" data-id=\"4a3408de\" data-element_type=\"widget\" data-widget_type=\"heading.default\">\n\t\t\t\t<div class=\"elementor-widget-container\">\n\t\t\t\t\t<h4 class=\"elementor-heading-title elementor-size-default\">\u0627\u0644\u0645\u0634\u0627\u0631\u064a\u0639 \u0642\u064a\u062f \u0627\u0644\u062a\u0646\u0641\u064a\u0630<\/h4>\t\t\t\t<\/div>\n\t\t\t\t<\/div>\n\t\t\t\t<div class=\"elementor-element elementor-element-7ed123bc elementor-widget elementor-widget-heading\" data-id=\"7ed123bc\" data-element_type=\"widget\" data-widget_type=\"heading.default\">\n\t\t\t\t<div class=\"elementor-widget-container\">\n\t\t\t\t\t<h2 class=\"elementor-heading-title elementor-size-default\">\u0646\u0642\u0648\u0645 \u0628\u062a\u0646\u0641\u064a\u0630 \u062c\u0645\u064a\u0639 \u0627\u0644\u0645\u0634\u0627\u0631\u064a\u0639 \u0627\u0644\u0645\u062a\u0639\u0644\u0642\u0629 \u0628\u0642\u0637\u0627\u0639 \u0627\u0644\u0646\u0641\u0637 \u0648\u0627\u0644\u063a\u0627\u0632<\/h2>\t\t\t\t<\/div>\n\t\t\t\t<\/div>\n\t\t\t\t<div class=\"elementor-element elementor-element-7d1bfbe5 elementor-widget-divider--view-line elementor-widget elementor-widget-divider\" data-id=\"7d1bfbe5\" data-element_type=\"widget\" data-widget_type=\"divider.default\">\n\t\t\t\t<div class=\"elementor-widget-container\">\n\t\t\t\t\t\t\t<div class=\"elementor-divider\">\n\t\t\t<span class=\"elementor-divider-separator\">\n\t\t\t\t\t\t<\/span>\n\t\t<\/div>\n\t\t\t\t\t\t<\/div>\n\t\t\t\t<\/div>\n\t\t\t\t<div class=\"elementor-element elementor-element-7b2806b2 elementor-widget elementor-widget-text-editor\" data-id=\"7b2806b2\" data-element_type=\"widget\" data-widget_type=\"text-editor.default\">\n\t\t\t\t<div class=\"elementor-widget-container\">\n\t\t\t\t\t\t\t\t\t<p>\u0627\u0643\u062a\u0634\u0641 \u0623\u062d\u062f\u062b \u0645\u0634\u0627\u0631\u064a\u0639\u0646\u0627 \u0642\u064a\u062f \u0627\u0644\u062a\u0646\u0641\u064a\u0630\u060c \u062d\u064a\u062b \u0646\u0636\u0639 \u062e\u0628\u0631\u0627\u062a\u0646\u0627 \u0648\u062a\u062c\u0631\u0628\u062a\u0646\u0627 \u0645\u0648\u0636\u0639 \u0627\u0644\u062a\u0646\u0641\u064a\u0630 \u0644\u0645\u0648\u0627\u062c\u0647\u0629 \u062a\u062d\u062f\u064a\u0627\u062a \u0642\u0637\u0627\u0639 \u0627\u0644\u0646\u0641\u0637 \u0648\u0627\u0644\u063a\u0627\u0632.<\/p>\t\t\t\t\t\t\t\t<\/div>\n\t\t\t\t<\/div>\n\t\t\t\t<section class=\"elementor-section elementor-inner-section elementor-element elementor-element-4c125608 elementor-section-boxed elementor-section-height-default elementor-section-height-default\" data-id=\"4c125608\" data-element_type=\"section\">\n\t\t\t\t\t\t<div class=\"elementor-container elementor-column-gap-no\">\n\t\t\t\t\t<div class=\"elementor-column elementor-col-50 elementor-inner-column elementor-element elementor-element-50963d49\" data-id=\"50963d49\" data-element_type=\"column\">\n\t\t\t<div class=\"elementor-widget-wrap elementor-element-populated\">\n\t\t\t\t\t\t<div class=\"elementor-element elementor-element-1bd6f43a jkit-equal-height-disable elementor-widget elementor-widget-jkit_image_box\" data-id=\"1bd6f43a\" data-element_type=\"widget\" data-widget_type=\"jkit_image_box.default\">\n\t\t\t\t<div class=\"elementor-widget-container\">\n\t\t\t\t\t<div  class=\"jeg-elementor-kit jkit-image-box style-default elementor-animation- jeg_module___69e4c901322a8\" ><div class=\"image-box-header elementor-animation-\"><img fetchpriority=\"high\" decoding=\"async\" width=\"2048\" height=\"957\" src=\"https:\/\/islandpetroleum.webminds.dz\/wp-content\/uploads\/2025\/03\/285556532_4851697031602292_4592254212780176037_n.jpg\" class=\"attachment-full size-full\" alt=\"\" url=\"https:\/\/islandpetroleum.webminds.dz\/wp-content\/uploads\/2025\/03\/285556532_4851697031602292_4592254212780176037_n.jpg\" source=\"library\" srcset=\"https:\/\/islandpetroleum.webminds.dz\/wp-content\/uploads\/2025\/03\/285556532_4851697031602292_4592254212780176037_n.jpg 2048w, https:\/\/islandpetroleum.webminds.dz\/wp-content\/uploads\/2025\/03\/285556532_4851697031602292_4592254212780176037_n-300x140.jpg 300w, https:\/\/islandpetroleum.webminds.dz\/wp-content\/uploads\/2025\/03\/285556532_4851697031602292_4592254212780176037_n-1024x479.jpg 1024w, https:\/\/islandpetroleum.webminds.dz\/wp-content\/uploads\/2025\/03\/285556532_4851697031602292_4592254212780176037_n-768x359.jpg 768w, https:\/\/islandpetroleum.webminds.dz\/wp-content\/uploads\/2025\/03\/285556532_4851697031602292_4592254212780176037_n-1536x718.jpg 1536w\" sizes=\"(max-width: 2048px) 100vw, 2048px\" \/><\/div><div class=\"image-box-body\">\n            <div class=\"body-inner\"><h2 class=\"body-title icon-position-before\">TECNIMONT <\/h2>\n                <div class=\"body-description\"><p>\u0627\u0644\u062a\u0635\u0646\u064a\u0639 \u0648\u0627\u0644\u062a\u0631\u0643\u064a\u0628 \u0627\u0644\u0623\u0646\u0628\u0648\u0628\u064a<\/p><p>\u062a\u0631\u0643\u064a\u0628 \u0627\u0644\u0645\u0639\u062f\u0627\u062a \u0648\u0627\u0644\u0623\u062f\u0648\u0627\u062a<\/p><p><span style=\"color: #17292c;\"><strong>\u0646\u0648\u0639 \u0627\u0644\u0645\u0634\u0631\u0648\u0639: (\u0627\u0644\u0646\u0641\u0637 \u0648\u0627\u0644\u063a\u0627\u0632)<\/strong><\/span><\/p><\/div>\n                <div class=\"body-button\"><div class=\"button-box icon-position-after\"><div class=\"button-wrapper\"><a href=\"https:\/\/islandpetroleum.webminds.dz\/ar\/projet-page\/\" target=\"_blank\">\u062a\u0641\u0627\u0635\u064a\u0644 \u0627\u0644\u0645\u0634\u0631\u0648\u0639 <\/a><\/div><\/div><\/div>\n                <div class=\"border-bottom left\"><\/div>\n            <\/div>\n        <\/div><\/div>\t\t\t\t<\/div>\n\t\t\t\t<\/div>\n\t\t\t\t\t<\/div>\n\t\t<\/div>\n\t\t\t\t<div class=\"elementor-column elementor-col-50 elementor-inner-column elementor-element elementor-element-fd1fe57\" data-id=\"fd1fe57\" data-element_type=\"column\">\n\t\t\t<div class=\"elementor-widget-wrap elementor-element-populated\">\n\t\t\t\t\t\t<div class=\"elementor-element elementor-element-4c722e8c jkit-equal-height-enable elementor-widget elementor-widget-jkit_image_box\" data-id=\"4c722e8c\" data-element_type=\"widget\" data-widget_type=\"jkit_image_box.default\">\n\t\t\t\t<div class=\"elementor-widget-container\">\n\t\t\t\t\t<div  class=\"jeg-elementor-kit jkit-image-box style-default elementor-animation- jeg_module__1_69e4c9013364c\" ><div class=\"image-box-header elementor-animation-\"><img decoding=\"async\" width=\"960\" height=\"713\" src=\"https:\/\/islandpetroleum.webminds.dz\/wp-content\/uploads\/2024\/12\/44405599_1703948883043805_7518737613432291328_n.jpg\" class=\"attachment-full size-full\" alt=\"\" url=\"https:\/\/islandpetroleum.webminds.dz\/wp-content\/uploads\/2024\/12\/44405599_1703948883043805_7518737613432291328_n.jpg\" source=\"library\" srcset=\"https:\/\/islandpetroleum.webminds.dz\/wp-content\/uploads\/2024\/12\/44405599_1703948883043805_7518737613432291328_n.jpg 960w, https:\/\/islandpetroleum.webminds.dz\/wp-content\/uploads\/2024\/12\/44405599_1703948883043805_7518737613432291328_n-300x223.jpg 300w, https:\/\/islandpetroleum.webminds.dz\/wp-content\/uploads\/2024\/12\/44405599_1703948883043805_7518737613432291328_n-768x570.jpg 768w\" sizes=\"(max-width: 960px) 100vw, 960px\" \/><\/div><div class=\"image-box-body\">\n            <div class=\"body-inner\"><h2 class=\"body-title icon-position-before\">SONATRACH <\/h2>\n                <div class=\"body-description\"><p>\u062a\u0631\u0643\u064a\u0628 \u062e\u0632\u0627\u0646\u0627\u062a \u0627\u0644\u062a\u062e\u0632\u064a\u0646 (\u063a\u0631\u062f\u0627\u064a\u0629 )<\/p><p><span style=\"color: #17292c;\"><strong>\u0646\u0648\u0639 \u0627\u0644\u0645\u0634\u0631\u0648\u0639: (\u0627\u0644\u0646\u0641\u0637 \u0648\u0627\u0644\u063a\u0627\u0632)<\/strong><\/span><\/p><\/div>\n                <div class=\"body-button\"><div class=\"button-box icon-position-after\"><div class=\"button-wrapper\"><a href=\"https:\/\/islandpetroleum.webminds.dz\/ar\/projets-en-cours-sonatrach-01\/\" target=\"_blank\">\u062a\u0641\u0627\u0635\u064a\u0644 \u0627\u0644\u0645\u0634\u0631\u0648\u0639 <\/a><\/div><\/div><\/div>\n                <div class=\"border-bottom left\"><\/div>\n            <\/div>\n        <\/div><\/div>\t\t\t\t<\/div>\n\t\t\t\t<\/div>\n\t\t\t\t\t<\/div>\n\t\t<\/div>\n\t\t\t\t\t<\/div>\n\t\t<\/section>\n\t\t\t\t<section class=\"elementor-section elementor-inner-section elementor-element elementor-element-952e3cb elementor-section-boxed elementor-section-height-default elementor-section-height-default\" data-id=\"952e3cb\" data-element_type=\"section\">\n\t\t\t\t\t\t<div class=\"elementor-container elementor-column-gap-no\">\n\t\t\t\t\t<div class=\"elementor-column elementor-col-50 elementor-inner-column elementor-element elementor-element-c94276f\" data-id=\"c94276f\" data-element_type=\"column\">\n\t\t\t<div class=\"elementor-widget-wrap elementor-element-populated\">\n\t\t\t\t\t\t<div class=\"elementor-element elementor-element-23e1605 jkit-equal-height-enable elementor-widget elementor-widget-jkit_image_box\" data-id=\"23e1605\" data-element_type=\"widget\" data-widget_type=\"jkit_image_box.default\">\n\t\t\t\t<div class=\"elementor-widget-container\">\n\t\t\t\t\t<div  class=\"jeg-elementor-kit jkit-image-box style-default elementor-animation- jeg_module__2_69e4c901348e1\" ><div class=\"image-box-header elementor-animation-\"><img decoding=\"async\" width=\"960\" height=\"713\" src=\"https:\/\/islandpetroleum.webminds.dz\/wp-content\/uploads\/2024\/12\/44405599_1703948883043805_7518737613432291328_n.jpg\" class=\"attachment-full size-full\" alt=\"\" url=\"https:\/\/islandpetroleum.webminds.dz\/wp-content\/uploads\/2024\/12\/44405599_1703948883043805_7518737613432291328_n.jpg\" source=\"library\" srcset=\"https:\/\/islandpetroleum.webminds.dz\/wp-content\/uploads\/2024\/12\/44405599_1703948883043805_7518737613432291328_n.jpg 960w, https:\/\/islandpetroleum.webminds.dz\/wp-content\/uploads\/2024\/12\/44405599_1703948883043805_7518737613432291328_n-300x223.jpg 300w, https:\/\/islandpetroleum.webminds.dz\/wp-content\/uploads\/2024\/12\/44405599_1703948883043805_7518737613432291328_n-768x570.jpg 768w\" sizes=\"(max-width: 960px) 100vw, 960px\" \/><\/div><div class=\"image-box-body\">\n            <div class=\"body-inner\"><h2 class=\"body-title icon-position-before\">SONATRACH <\/h2>\n                <div class=\"body-description\"><p>\u062a\u0631\u0643\u064a\u0628 \u062e\u0632\u0627\u0646\u0627\u062a \u0627\u0644\u062a\u062e\u0632\u064a\u0646<\/p><p><span style=\"text-decoration: underline; color: #17292c;\"><strong><span>\u0646\u0648\u0639 \u0627\u0644\u0645\u0634\u0631\u0648\u0639: (\u0627\u0644\u0646\u0641\u0637 \u0648\u0627\u0644\u063a\u0627\u0632)<\/span><\/strong><\/span><\/p><\/div>\n                <div class=\"body-button\"><div class=\"button-box icon-position-after\"><div class=\"button-wrapper\"><a href=\"https:\/\/islandpetroleum.webminds.dz\/ar\/projets-en-cours-sonatrach02\/\" target=\"_blank\">\u062a\u0641\u0627\u0635\u064a\u0644 \u0627\u0644\u0645\u0634\u0631\u0648\u0639 <\/a><\/div><\/div><\/div>\n                <div class=\"border-bottom left\"><\/div>\n            <\/div>\n        <\/div><\/div>\t\t\t\t<\/div>\n\t\t\t\t<\/div>\n\t\t\t\t\t<\/div>\n\t\t<\/div>\n\t\t\t\t<div class=\"elementor-column elementor-col-50 elementor-inner-column elementor-element elementor-element-9dba7f8\" data-id=\"9dba7f8\" data-element_type=\"column\">\n\t\t\t<div class=\"elementor-widget-wrap elementor-element-populated\">\n\t\t\t\t\t\t<div class=\"elementor-element elementor-element-96d1779 jkit-equal-height-enable elementor-widget elementor-widget-jkit_image_box\" data-id=\"96d1779\" data-element_type=\"widget\" data-widget_type=\"jkit_image_box.default\">\n\t\t\t\t<div class=\"elementor-widget-container\">\n\t\t\t\t\t<div  class=\"jeg-elementor-kit jkit-image-box style-default elementor-animation- jeg_module__3_69e4c90135599\" ><div class=\"image-box-header elementor-animation-\"><img decoding=\"async\" width=\"2000\" height=\"1335\" src=\"https:\/\/islandpetroleum.webminds.dz\/wp-content\/uploads\/2024\/12\/oil-refineries-2.jpg\" class=\"attachment-full size-full\" alt=\"\" url=\"https:\/\/islandpetroleum.webminds.dz\/wp-content\/uploads\/2024\/12\/oil-refineries-2.jpg\" source=\"library\" srcset=\"https:\/\/islandpetroleum.webminds.dz\/wp-content\/uploads\/2024\/12\/oil-refineries-2.jpg 2000w, https:\/\/islandpetroleum.webminds.dz\/wp-content\/uploads\/2024\/12\/oil-refineries-2-300x200.jpg 300w, https:\/\/islandpetroleum.webminds.dz\/wp-content\/uploads\/2024\/12\/oil-refineries-2-1024x684.jpg 1024w, https:\/\/islandpetroleum.webminds.dz\/wp-content\/uploads\/2024\/12\/oil-refineries-2-768x513.jpg 768w, https:\/\/islandpetroleum.webminds.dz\/wp-content\/uploads\/2024\/12\/oil-refineries-2-1536x1025.jpg 1536w\" sizes=\"(max-width: 2000px) 100vw, 2000px\" \/><\/div><div class=\"image-box-body\">\n            <div class=\"body-inner\"><h2 class=\"body-title icon-position-before\">HUYNSON <\/h2>\n                <div class=\"body-description\"><p>\u062a\u0631\u0643\u064a\u0628 \u062e\u0632\u0627\u0646\u0627\u062a \u0627\u0644\u062a\u062e\u0632\u064a\u0646<\/p><p><span style=\"color: #17292c;\"><strong>\u0646\u0648\u0639 \u0627\u0644\u0645\u0634\u0631\u0648\u0639: (\u0627\u0644\u0635\u0646\u0627\u0639\u0629)<\/strong><\/span><\/p><\/div>\n                <div class=\"body-button\"><div class=\"button-box icon-position-after\"><div class=\"button-wrapper\"><a href=\"https:\/\/islandpetroleum.webminds.dz\/ar\/projets-en-cours-huynson\/\" target=\"_blank\">\u062a\u0641\u0627\u0635\u064a\u0644 \u0627\u0644\u0645\u0634\u0631\u0648\u0639 <\/a><\/div><\/div><\/div>\n                <div class=\"border-bottom left\"><\/div>\n            <\/div>\n        <\/div><\/div>\t\t\t\t<\/div>\n\t\t\t\t<\/div>\n\t\t\t\t\t<\/div>\n\t\t<\/div>\n\t\t\t\t\t<\/div>\n\t\t<\/section>\n\t\t\t\t<section class=\"elementor-section elementor-inner-section elementor-element elementor-element-3bc5e3e elementor-section-boxed elementor-section-height-default elementor-section-height-default\" data-id=\"3bc5e3e\" data-element_type=\"section\">\n\t\t\t\t\t\t<div class=\"elementor-container elementor-column-gap-no\">\n\t\t\t\t\t<div class=\"elementor-column elementor-col-100 elementor-inner-column elementor-element elementor-element-e43bb2a\" data-id=\"e43bb2a\" data-element_type=\"column\">\n\t\t\t<div class=\"elementor-widget-wrap elementor-element-populated\">\n\t\t\t\t\t\t<div class=\"elementor-element elementor-element-0267451 jkit-equal-height-enable elementor-widget elementor-widget-jkit_image_box\" data-id=\"0267451\" data-element_type=\"widget\" data-widget_type=\"jkit_image_box.default\">\n\t\t\t\t<div class=\"elementor-widget-container\">\n\t\t\t\t\t<div  class=\"jeg-elementor-kit jkit-image-box style-default elementor-animation- jeg_module__4_69e4c90136796\" ><div class=\"image-box-header elementor-animation-\"><img loading=\"lazy\" decoding=\"async\" width=\"2000\" height=\"1333\" src=\"https:\/\/islandpetroleum.webminds.dz\/wp-content\/uploads\/2024\/12\/gas-industry-2.jpg\" class=\"attachment-full size-full\" alt=\"\" url=\"https:\/\/islandpetroleum.webminds.dz\/wp-content\/uploads\/2024\/12\/gas-industry-2.jpg\" source=\"library\" srcset=\"https:\/\/islandpetroleum.webminds.dz\/wp-content\/uploads\/2024\/12\/gas-industry-2.jpg 2000w, https:\/\/islandpetroleum.webminds.dz\/wp-content\/uploads\/2024\/12\/gas-industry-2-300x200.jpg 300w, https:\/\/islandpetroleum.webminds.dz\/wp-content\/uploads\/2024\/12\/gas-industry-2-1024x682.jpg 1024w, https:\/\/islandpetroleum.webminds.dz\/wp-content\/uploads\/2024\/12\/gas-industry-2-768x512.jpg 768w, https:\/\/islandpetroleum.webminds.dz\/wp-content\/uploads\/2024\/12\/gas-industry-2-1536x1024.jpg 1536w\" sizes=\"(max-width: 2000px) 100vw, 2000px\" \/><\/div><div class=\"image-box-body\">\n            <div class=\"body-inner\"><h2 class=\"body-title icon-position-before\">ENGTP<\/h2>\n                <div class=\"body-description\"><p>\u062a\u0631\u0643\u064a\u0628 \u062e\u0632\u0627\u0646\u0627\u062a \u0627\u0644\u062a\u062e\u0632\u064a\u0646<\/p><p><span style=\"text-decoration: underline; color: #17292c;\"><strong><span>\u0646\u0648\u0639 \u0627\u0644\u0645\u0634\u0631\u0648\u0639: (\u0627\u0644\u0646\u0641\u0637 \u0648\u0627\u0644\u063a\u0627\u0632)<\/span><\/strong><\/span><\/p><\/div>\n                <div class=\"body-button\"><div class=\"button-box icon-position-after\"><div class=\"button-wrapper\"><a href=\"https:\/\/islandpetroleum.webminds.dz\/ar\/projets-en-cours-engtp\/\" target=\"_blank\">\u062a\u0641\u0627\u0635\u064a\u0644 \u0627\u0644\u0645\u0634\u0631\u0648\u0639 <\/a><\/div><\/div><\/div>\n                <div class=\"border-bottom left\"><\/div>\n            <\/div>\n        <\/div><\/div>\t\t\t\t<\/div>\n\t\t\t\t<\/div>\n\t\t\t\t\t<\/div>\n\t\t<\/div>\n\t\t\t\t\t<\/div>\n\t\t<\/section>\n\t\t\t\t\t<\/div>\n\t\t<\/div>\n\t\t\t\t\t<\/div>\n\t\t<\/section>\n\t\t\t\t<\/div>","protected":false},"excerpt":{"rendered":"<p>Home Project Projets en cours Projets en Cours Nous r\u00e9alisons tous les projets li\u00e9s au secteur P\u00e9trole &amp; Gaz D\u00e9couvrez nos derniers chantiers et r\u00e9alisations en cours, o\u00f9 nous mettons en \u0153uvre notre savoir-faire et notre exp\u00e9rience pour r\u00e9pondre aux d\u00e9fis du secteur p\u00e9trolier et gazier. Gr\u00e2ce \u00e0 une \u00e9quipe d\u2019experts et \u00e0 des \u00e9quipements [&hellip;]<\/p>","protected":false},"author":1,"featured_media":0,"parent":0,"menu_order":0,"comment_status":"closed","ping_status":"closed","template":"","meta":{"footnotes":""},"class_list":["post-564","page","type-page","status-publish","hentry"],"_links":{"self":[{"href":"https:\/\/islandpetroleum.webminds.dz\/ar\/wp-json\/wp\/v2\/pages\/564","targetHints":{"allow":["GET"]}}],"collection":[{"href":"https:\/\/islandpetroleum.webminds.dz\/ar\/wp-json\/wp\/v2\/pages"}],"about":[{"href":"https:\/\/islandpetroleum.webminds.dz\/ar\/wp-json\/wp\/v2\/types\/page"}],"author":[{"embeddable":true,"href":"https:\/\/islandpetroleum.webminds.dz\/ar\/wp-json\/wp\/v2\/users\/1"}],"replies":[{"embeddable":true,"href":"https:\/\/islandpetroleum.webminds.dz\/ar\/wp-json\/wp\/v2\/comments?post=564"}],"version-history":[{"count":53,"href":"https:\/\/islandpetroleum.webminds.dz\/ar\/wp-json\/wp\/v2\/pages\/564\/revisions"}],"predecessor-version":[{"id":1061,"href":"https:\/\/islandpetroleum.webminds.dz\/ar\/wp-json\/wp\/v2\/pages\/564\/revisions\/1061"}],"wp:attachment":[{"href":"https:\/\/islandpetroleum.webminds.dz\/ar\/wp-json\/wp\/v2\/media?parent=564"}],"curies":[{"name":"wp","href":"https:\/\/api.w.org\/{rel}","templated":true}]}}